{"id":23,"date":"2023-07-21T15:29:12","date_gmt":"2023-07-21T19:29:12","guid":{"rendered":"https:\/\/www.autobuslepetittraindunord.com\/reservation\/"},"modified":"2026-02-23T09:31:08","modified_gmt":"2026-02-23T14:31:08","slug":"reservation","status":"publish","type":"page","link":"https:\/\/www.autobuslepetittraindunord.com\/english\/reservation\/","title":{"rendered":"reservation"},"content":{"rendered":"<div data-elementor-type=\"wp-page\" data-elementor-id=\"23\" class=\"elementor elementor-23\" data-elementor-settings=\"{&quot;ha_cmc_init_switcher&quot;:&quot;no&quot;}\" data-elementor-post-type=\"page\">\n\t\t\t\t\t\t<section class=\"elementor-section elementor-top-section elementor-element elementor-element-4093564d elementor-section-boxed elementor-section-height-default elementor-section-height-default\" data-id=\"4093564d\" data-element_type=\"section\" data-e-type=\"section\" data-settings=\"{&quot;background_background&quot;:&quot;classic&quot;}\">\n\t\t\t\t\t\t\t<div class=\"elementor-background-overlay\"><\/div>\n\t\t\t\t\t\t\t<div class=\"elementor-container elementor-column-gap-default\">\n\t\t\t\t\t<div class=\"elementor-column elementor-col-100 elementor-top-column elementor-element elementor-element-2bd1224f\" data-id=\"2bd1224f\" data-element_type=\"column\" data-e-type=\"column\">\n\t\t\t<div class=\"elementor-widget-wrap\">\n\t\t\t\t\t\t\t<\/div>\n\t\t<\/div>\n\t\t\t\t\t<\/div>\n\t\t<\/section>\n\t\t\t\t<section class=\"elementor-section elementor-top-section elementor-element elementor-element-d2bd23a elementor-section-boxed elementor-section-height-default elementor-section-height-default\" data-id=\"d2bd23a\" data-element_type=\"section\" data-e-type=\"section\">\n\t\t\t\t\t\t<div class=\"elementor-container elementor-column-gap-no\">\n\t\t\t\t\t<div class=\"elementor-column elementor-col-100 elementor-top-column elementor-element elementor-element-6311439\" data-id=\"6311439\" data-element_type=\"column\" data-e-type=\"column\">\n\t\t\t<div class=\"elementor-widget-wrap elementor-element-populated\">\n\t\t\t\t\t\t<div class=\"elementor-element elementor-element-2c4e2cf2 elementor-widget elementor-widget-heading\" data-id=\"2c4e2cf2\" data-element_type=\"widget\" data-e-type=\"widget\" data-widget_type=\"heading.default\">\n\t\t\t\t<div class=\"elementor-widget-container\">\n\t\t\t\t\t<h1 class=\"elementor-heading-title elementor-size-default\">Service Request Form<\/h1>\t\t\t\t<\/div>\n\t\t\t\t<\/div>\n\t\t\t\t\t<\/div>\n\t\t<\/div>\n\t\t\t\t\t<\/div>\n\t\t<\/section>\n\t\t\t\t<section class=\"elementor-section elementor-top-section elementor-element elementor-element-6ea61206 elementor-section-boxed elementor-section-height-default elementor-section-height-default\" data-id=\"6ea61206\" data-element_type=\"section\" data-e-type=\"section\">\n\t\t\t\t\t\t<div class=\"elementor-container elementor-column-gap-default\">\n\t\t\t\t\t<div class=\"elementor-column elementor-col-50 elementor-top-column elementor-element elementor-element-2f1a988\" data-id=\"2f1a988\" data-element_type=\"column\" data-e-type=\"column\">\n\t\t\t<div class=\"elementor-widget-wrap elementor-element-populated\">\n\t\t\t\t\t\t<div class=\"elementor-element elementor-element-78e93ea elementor-widget elementor-widget-heading\" data-id=\"78e93ea\" data-element_type=\"widget\" data-e-type=\"widget\" data-widget_type=\"heading.default\">\n\t\t\t\t<div class=\"elementor-widget-container\">\n\t\t\t\t\t<p class=\"elementor-heading-title elementor-size-default\">Our services are offered from<\/p>\t\t\t\t<\/div>\n\t\t\t\t<\/div>\n\t\t\t\t<div class=\"elementor-element elementor-element-0d82c5b elementor-widget elementor-widget-heading\" data-id=\"0d82c5b\" data-element_type=\"widget\" data-e-type=\"widget\" data-widget_type=\"heading.default\">\n\t\t\t\t<div class=\"elementor-widget-container\">\n\t\t\t\t\t<p class=\"elementor-heading-title elementor-size-default\">from June 6 to October 10, 2026<\/p>\t\t\t\t<\/div>\n\t\t\t\t<\/div>\n\t\t\t\t<div class=\"elementor-element elementor-element-1075c4f9 elementor-widget elementor-widget-text-editor\" data-id=\"1075c4f9\" data-element_type=\"widget\" data-e-type=\"widget\" data-widget_type=\"text-editor.default\">\n\t\t\t\t<div class=\"elementor-widget-container\">\n\t\t\t\t\t\t\t\t\t*If you wish to reserve for a departure <strong>in less than 48 hours<\/strong>, merely <a href=\"\/english\/contact\/\" style=\"color: #f05323; text-decoration: underline;\">contact us by phone<\/a>.\t\t\t\t\t\t\t\t<\/div>\n\t\t\t\t<\/div>\n\t\t\t\t\t<\/div>\n\t\t<\/div>\n\t\t\t\t<div class=\"elementor-column elementor-col-50 elementor-top-column elementor-element elementor-element-4250327c\" data-id=\"4250327c\" data-element_type=\"column\" data-e-type=\"column\">\n\t\t\t<div class=\"elementor-widget-wrap elementor-element-populated\">\n\t\t\t\t\t\t<div class=\"elementor-element elementor-element-fd648a4 elementor-widget elementor-widget-heading\" data-id=\"fd648a4\" data-element_type=\"widget\" data-e-type=\"widget\" data-widget_type=\"heading.default\">\n\t\t\t\t<div class=\"elementor-widget-container\">\n\t\t\t\t\t<div class=\"elementor-heading-title elementor-size-default\">Fields followed by a <strong style=\"color:#dc3232\">*<\/strong> are mandatory.<\/div>\t\t\t\t<\/div>\n\t\t\t\t<\/div>\n\t\t\t\t<div class=\"elementor-element elementor-element-74a94901 elementor-widget elementor-widget-ha-cf7 happy-addon ha-cf7\" data-id=\"74a94901\" data-element_type=\"widget\" data-e-type=\"widget\" data-widget_type=\"ha-cf7.default\">\n\t\t\t\t<div class=\"elementor-widget-container\">\n\t\t\t\t\t\n<div class=\"wpcf7 no-js\" id=\"wpcf7-f9-o1\" lang=\"fr-CA\" dir=\"ltr\" data-wpcf7-id=\"9\">\n<div class=\"screen-reader-response\"><p role=\"status\" aria-live=\"polite\" aria-atomic=\"true\"><\/p> <ul><\/ul><\/div>\n<form action=\"\/english\/wp-json\/wp\/v2\/pages\/23#wpcf7-f9-o1\" method=\"post\" class=\"wpcf7-form init ha-cf7-form\" aria-label=\"Contact form\" novalidate=\"novalidate\" data-status=\"init\" data-trp-original-action=\"\/english\/wp-json\/wp\/v2\/pages\/23#wpcf7-f9-o1\">\n<fieldset class=\"hidden-fields-container\"><input type=\"hidden\" name=\"_wpcf7\" value=\"9\" \/><input type=\"hidden\" name=\"_wpcf7_version\" value=\"6.1.5\" \/><input type=\"hidden\" name=\"_wpcf7_locale\" value=\"fr_CA\" \/><input type=\"hidden\" name=\"_wpcf7_unit_tag\" value=\"wpcf7-f9-o1\" \/><input type=\"hidden\" name=\"_wpcf7_container_post\" value=\"0\" \/><input type=\"hidden\" name=\"_wpcf7_posted_data_hash\" value=\"\" \/>\n<\/fieldset>\n<fieldset>\n\t<legend><strong>IDENTIFICATION AND CONTACT INFORMATION<\/strong>\n\t<\/legend>\n\t<div class=\"form-row\">\n\t\t<div class=\"form-col\">\n\t\t\t<div class=\"form-input\">\n\t\t\t\t<p><label>First name <strong style=\"color:#dc3232\">*<\/strong> <span class=\"wpcf7-form-control-wrap\" data-name=\"prenom\"><input size=\"100\" maxlength=\"400\" class=\"wpcf7-form-control wpcf7-text wpcf7-validates-as-required\" aria-required=\"true\" aria-invalid=\"false\" value=\"\" type=\"text\" name=\"prenom\" \/><\/span><\/label>\n\t\t\t\t<\/p>\n\t\t\t<\/div>\n\t\t<\/div>\n\t\t<div class=\"form-col\">\n\t\t\t<div class=\"form-input\">\n\t\t\t\t<p><label>Name <strong style=\"color:#dc3232\">*<\/strong> <span class=\"wpcf7-form-control-wrap\" data-name=\"nom\"><input size=\"100\" maxlength=\"400\" class=\"wpcf7-form-control wpcf7-text wpcf7-validates-as-required\" aria-required=\"true\" aria-invalid=\"false\" value=\"\" type=\"text\" name=\"nom\" \/><\/span><\/label>\n\t\t\t\t<\/p>\n\t\t\t<\/div>\n\t\t<\/div>\n\t<\/div>\n\t<p><label>Email <strong style=\"color:#dc3232\">*<\/strong> <span class=\"wpcf7-form-control-wrap\" data-name=\"courriel\"><input size=\"100\" maxlength=\"400\" class=\"wpcf7-form-control wpcf7-email wpcf7-validates-as-required wpcf7-text wpcf7-validates-as-email\" aria-required=\"true\" aria-invalid=\"false\" value=\"\" type=\"email\" name=\"courriel\" \/><\/span><\/label>\n\t<\/p>\n\t<div class=\"form-row\">\n\t\t<div class=\"form-col\">\n\t\t\t<div class=\"form-input\">\n\t\t\t\t<p><label>Phone (cellphone mandatory) <strong style=\"color:#dc3232\">*<\/strong> <span class=\"wpcf7-form-control-wrap\" data-name=\"telephone\"><input size=\"100\" maxlength=\"400\" class=\"wpcf7-form-control wpcf7-text wpcf7-validates-as-required\" aria-required=\"true\" aria-invalid=\"false\" value=\"\" type=\"text\" name=\"telephone\" \/><\/span><\/label>\n\t\t\t\t<\/p>\n\t\t\t<\/div>\n\t\t<\/div>\n\t\t<div class=\"form-col\">\n\t\t\t<div class=\"form-input\">\n\t\t\t\t<p><label>Postal code <strong style=\"color:#dc3232\">*<\/strong> <span class=\"wpcf7-form-control-wrap\" data-name=\"code-postal\"><input size=\"100\" maxlength=\"400\" class=\"wpcf7-form-control wpcf7-text wpcf7-validates-as-required\" aria-required=\"true\" aria-invalid=\"false\" value=\"\" type=\"text\" name=\"code-postal\" \/><\/span><\/label>\n\t\t\t\t<\/p>\n\t\t\t<\/div>\n\t\t<\/div>\n\t<\/div>\n<\/fieldset>\n<fieldset>\n\t<legend><strong>SERVICE REQUEST DETAILS<\/strong>\n\t<\/legend>\n\t<p><label for=\"f-date-reservation\">Reservation date <strong style=\"color:#dc3232\">*<\/strong><\/label><br \/>\n<span class=\"wpcf7-form-control-wrap\" data-name=\"date-250\"><input class=\"wpcf7-form-control wpcf7-date wpcf7-validates-as-required wpcf7-validates-as-date\" id=\"f-date-reservation\" min=\"2026-06-06\" max=\"2026-10-10\" aria-required=\"true\" aria-invalid=\"false\" value=\"\" type=\"date\" name=\"date-250\" \/><\/span>\n\t<\/p>\n\t<div class=\"form-row\">\n\t\t<div class=\"form-col\">\n\t\t\t<div class=\"form-input\">\n\t\t\t\t<p><label for=\"f-gare-depart\">Departure location<br \/>\n(Where you want to take the shuttle) <strong style=\"color:#dc3232\">*<\/strong><\/label><br \/>\n<span class=\"wpcf7-form-control-wrap\" data-name=\"gare-depart\"><select class=\"wpcf7-form-control wpcf7-select wpcf7-validates-as-required\" id=\"f-gare-depart\" aria-required=\"true\" aria-invalid=\"false\" name=\"gare-depart\"><option value=\"Saint-J\u00e9r\u00f4me\">Saint-J\u00e9r\u00f4me<\/option><option value=\"Saint-Ad\u00e8le (secteur Mont-Rolland)\">Saint-Ad\u00e8le (secteur Mont-Rolland)<\/option><option value=\"Sainte-Agathe\">Sainte-Agathe<\/option><option value=\"Saint-Faustin Lac Carr\u00e9\">Saint-Faustin Lac Carr\u00e9<\/option><option value=\"Mont-Tremblant (secteur Saint-Jovite)\">Mont-Tremblant (secteur Saint-Jovite)<\/option><option value=\"Labelle\">Labelle<\/option><option value=\"Ville de Rivi\u00e8res Rouge (secteur l&#039;Annonciation)\">Ville de Rivi\u00e8res Rouge (secteur l&#039;Annonciation)<\/option><option value=\"Nominingue\">Nominingue<\/option><option value=\"Lac Saguay\">Lac Saguay<\/option><option value=\"Mont-Laurier\">Mont-Laurier<\/option><\/select><\/span>\n\t\t\t\t<\/p>\n\t\t\t<\/div>\n\t\t<\/div>\n\t\t<div class=\"form-col\">\n\t\t\t<div class=\"form-input\">\n\t\t\t\t<p><label for=\"f-gare-arrivee\">Arrival location<br \/>\n(Where you want to be dropped off by the shuttle) <strong style=\"color:#dc3232\">*<\/strong><\/label><br \/>\n<span class=\"wpcf7-form-control-wrap\" data-name=\"gare-arrivee\"><select class=\"wpcf7-form-control wpcf7-select wpcf7-validates-as-required\" id=\"f-gare-arrivee\" aria-required=\"true\" aria-invalid=\"false\" name=\"gare-arrivee\"><option value=\"Saint-J\u00e9r\u00f4me\">Saint-J\u00e9r\u00f4me<\/option><option value=\"Saint-Ad\u00e8le (secteur Mont-Rolland)\">Saint-Ad\u00e8le (secteur Mont-Rolland)<\/option><option value=\"Sainte-Agathe\">Sainte-Agathe<\/option><option value=\"Saint-Faustin Lac Carr\u00e9\">Saint-Faustin Lac Carr\u00e9<\/option><option value=\"Mont-Tremblant (secteur Saint-Jovite)\">Mont-Tremblant (secteur Saint-Jovite)<\/option><option value=\"Labelle\">Labelle<\/option><option value=\"Ville de Rivi\u00e8res Rouge (secteur l&#039;Annonciation)\">Ville de Rivi\u00e8res Rouge (secteur l&#039;Annonciation)<\/option><option value=\"Nominingue\">Nominingue<\/option><option value=\"Lac Saguay\">Lac Saguay<\/option><option value=\"Mont-Laurier\">Mont-Laurier<\/option><\/select><\/span>\n\t\t\t\t<\/p>\n\t\t\t<\/div>\n\t\t<\/div>\n\t<\/div>\n\t<div class=\"form-row form-margin-top\">\n\t\t<div class=\"form-col form-col-33\">\n\t\t\t<div class=\"form-input\">\n\t\t\t\t<p><label>Number of adults <strong style=\"color:#dc3232\">*<\/strong> <span class=\"wpcf7-form-control-wrap\" data-name=\"nombre-adulte\"><input class=\"wpcf7-form-control wpcf7-number wpcf7-validates-as-required wpcf7-validates-as-number\" aria-required=\"true\" aria-invalid=\"false\" value=\"\" type=\"number\" name=\"nombre-adulte\" \/><\/span><\/label>\n\t\t\t\t<\/p>\n\t\t\t<\/div>\n\t\t<\/div>\n\t\t<div class=\"form-col form-col-33\">\n\t\t\t<div class=\"form-input\">\n\t\t\t\t<p><label>Number of children aged from 5 to 12 <span class=\"wpcf7-form-control-wrap\" data-name=\"nombre-endant-2\"><input class=\"wpcf7-form-control wpcf7-number wpcf7-validates-as-number\" aria-invalid=\"false\" value=\"\" type=\"number\" name=\"nombre-endant-2\" \/><\/span><\/label>\n\t\t\t\t<\/p>\n\t\t\t<\/div>\n\t\t<\/div>\n\t\t<div class=\"form-col form-col-33\">\n\t\t\t<div class=\"form-input\">\n\t\t\t\t<p><label>Number of children aged from 0 to 4 <span class=\"wpcf7-form-control-wrap\" data-name=\"nombre-enfant-1\"><input class=\"wpcf7-form-control wpcf7-number wpcf7-validates-as-number\" aria-invalid=\"false\" value=\"\" type=\"number\" name=\"nombre-enfant-1\" \/><\/span><\/label>\n\t\t\t\t<\/p>\n\t\t\t<\/div>\n\t\t<\/div>\n\t<\/div>\n\t<div class=\"form-row\">\n\t\t<div class=\"form-col\">\n\t\t\t<div class=\"form-input\">\n\t\t\t\t<fieldset class=\"form-group-input\">\n\t\t\t\t\t<legend>Need to rent bicycles? <strong style=\"color:#dc3232\">*<\/strong>\n\t\t\t\t\t<\/legend>\n\t\t\t\t\t<p><span class=\"wpcf7-form-control-wrap\" data-name=\"radio-770\"><span class=\"wpcf7-form-control wpcf7-radio\"><span class=\"wpcf7-list-item first\"><label><input type=\"radio\" name=\"radio-770\" value=\"Oui\" \/><span class=\"wpcf7-list-item-label\">Oui<\/span><\/label><\/span><span class=\"wpcf7-list-item last\"><label><input type=\"radio\" name=\"radio-770\" value=\"Non\" \/><span class=\"wpcf7-list-item-label\">Non<\/span><\/label><\/span><\/span><\/span>\n\t\t\t\t\t<\/p>\n\t\t\t\t<\/fieldset>\n\t\t\t<\/div>\n\t\t<\/div>\n\t\t<div class=\"form-col\">\n\t\t\t<div class=\"form-input\">\n\t\t\t\t<fieldset class=\"form-group-input\">\n\t\t\t\t\t<legend>Need luggage transport? <strong style=\"color:#dc3232\">*<\/strong>\n\t\t\t\t\t<\/legend>\n\t\t\t\t\t<p><span class=\"wpcf7-form-control-wrap\" data-name=\"radio-771\"><span class=\"wpcf7-form-control wpcf7-radio\"><span class=\"wpcf7-list-item first\"><label><input type=\"radio\" name=\"radio-771\" value=\"Oui\" \/><span class=\"wpcf7-list-item-label\">Oui<\/span><\/label><\/span><span class=\"wpcf7-list-item last\"><label><input type=\"radio\" name=\"radio-771\" value=\"Non\" \/><span class=\"wpcf7-list-item-label\">Non<\/span><\/label><\/span><\/span><\/span>\n\t\t\t\t\t<\/p>\n\t\t\t\t<\/fieldset>\n\t\t\t<\/div>\n\t\t<\/div>\n\t<\/div>\n<\/fieldset>\n<p><label>Specify the type of bike you are bringing or wish to rent. <i>(Hybrid, Electric, etc.)<\/i> <strong style=\"color:#dc3232\">*<\/strong> <span class=\"wpcf7-form-control-wrap\" data-name=\"type-velo\"><input size=\"100\" maxlength=\"400\" class=\"wpcf7-form-control wpcf7-text wpcf7-validates-as-required\" aria-required=\"true\" aria-invalid=\"false\" value=\"\" type=\"text\" name=\"type-velo\" \/><\/span><\/label>\n<\/p>\n<div class=\"form-margin-top\">\n\t<p><label> Any other relevant information to provide <span class=\"wpcf7-form-control-wrap\" data-name=\"your-message\"><textarea cols=\"100\" rows=\"4\" maxlength=\"2000\" class=\"wpcf7-form-control wpcf7-textarea\" aria-invalid=\"false\" name=\"your-message\"><\/textarea><\/span><\/label>\n\t<\/p>\n<\/div>\n<p><span id=\"wpcf7-69fc6a1048c34-wrapper\" class=\"wpcf7-form-control-wrap adresse-133-wrap\" ><input id=\"wpcf7-69fc6a1048c34-field\"  class=\"wpcf7-form-control wpcf7-text\" type=\"text\" name=\"adresse-133\" value=\"\" size=\"40\" tabindex=\"-1\" autocomplete=\"new-password\" \/><\/span><br \/>\n<input class=\"wpcf7-form-control wpcf7-submit has-spinner\" type=\"submit\" value=\"Submit the service request\" \/>\n<\/p><div class=\"wpcf7-response-output\" aria-hidden=\"true\"><\/div>\n<input type=\"hidden\" name=\"trp-form-language\" value=\"english\"\/><\/form>\n<\/div>\n\t\t\t\t<\/div>\n\t\t\t\t<\/div>\n\t\t\t\t\t<\/div>\n\t\t<\/div>\n\t\t\t\t\t<\/div>\n\t\t<\/section>\n\t\t\t\t<\/div>","protected":false},"excerpt":{"rendered":"<p>FORMULAIRE DE&nbsp;DEMANDE DE&nbsp;SERVICE Nos services sont offerts du : du 6 juin au 10 octobre 2026 * Si vous souhaitez r\u00e9server des places pour un d\u00e9part dans moins de 48 heures, veuillez nous contacter par t\u00e9l\u00e9phone. Les champs suivis d&rsquo;un * sont obligatoires. IDENTIFICATION ET COORDONN\u00c9ES Pr\u00e9nom * Nom * Courriel * T\u00e9l\u00e9phone (cellulaire) * [&hellip;]<\/p>\n","protected":false},"author":1,"featured_media":0,"parent":0,"menu_order":0,"comment_status":"closed","ping_status":"closed","template":"","meta":{"footnotes":""},"class_list":["post-23","page","type-page","status-publish","hentry"],"_links":{"self":[{"href":"https:\/\/www.autobuslepetittraindunord.com\/english\/wp-json\/wp\/v2\/pages\/23","targetHints":{"allow":["GET"]}}],"collection":[{"href":"https:\/\/www.autobuslepetittraindunord.com\/english\/wp-json\/wp\/v2\/pages"}],"about":[{"href":"https:\/\/www.autobuslepetittraindunord.com\/english\/wp-json\/wp\/v2\/types\/page"}],"author":[{"embeddable":true,"href":"https:\/\/www.autobuslepetittraindunord.com\/english\/wp-json\/wp\/v2\/users\/1"}],"replies":[{"embeddable":true,"href":"https:\/\/www.autobuslepetittraindunord.com\/english\/wp-json\/wp\/v2\/comments?post=23"}],"version-history":[{"count":11,"href":"https:\/\/www.autobuslepetittraindunord.com\/english\/wp-json\/wp\/v2\/pages\/23\/revisions"}],"predecessor-version":[{"id":755,"href":"https:\/\/www.autobuslepetittraindunord.com\/english\/wp-json\/wp\/v2\/pages\/23\/revisions\/755"}],"wp:attachment":[{"href":"https:\/\/www.autobuslepetittraindunord.com\/english\/wp-json\/wp\/v2\/media?parent=23"}],"curies":[{"name":"wp","href":"https:\/\/api.w.org\/{rel}","templated":true}]}}